{"id":3932,"date":"2020-11-09T19:48:02","date_gmt":"2020-11-09T19:48:02","guid":{"rendered":"https:\/\/www.kimstones.com\/izdelek\/orgoniten-pyramide-27\/"},"modified":"2020-11-09T19:48:02","modified_gmt":"2020-11-09T19:48:02","slug":"orgoniten-pyramide-27","status":"publish","type":"product","link":"https:\/\/www.kimstones.com\/de\/produkt\/orgoniten-pyramide-27\/","title":{"rendered":"Orgoniten Pyramide"},"content":{"rendered":"","protected":false},"excerpt":{"rendered":"<p>Orgon ist per Definition ein anderer Name f\u00fcr unsere Lebensenergie, bekannt als Chi, Prana oder \u00c4ther. Die Orgonpyramiden sind kraftvoll und in wundersch\u00f6nen Formen. Sie sind bekannt f\u00fcr ihre F\u00e4higkeit, negative Energie in positive Energie umzuwandeln, die den spirituellen, emotionalen und physischen K\u00f6rper ausbalanciert. Orgonit ist eine Substanz aus Harz, Metallen, Heilkristallen und Quarz, die unsere Bioenergie reguliert und koordiniert.<\/p>\n<p>Orgonit ist ein Material, das speziell zum Einfangen, Reinigen und Freisetzen von Orgonenergie hergestellt wurde. Es ist eine Kombination aus reinem Quarz und winzigen Metallpartikeln, die durch Harz miteinander verbunden sind. Orgonit kann in jede Form gebracht werden. Sie k\u00f6nnen sie auch in Form von Halsketten oder Anh\u00e4ngern tragen. Es ist f\u00fcr den pers\u00f6nlichen Gebrauch und f\u00fcr den Gebrauch in Wohnr\u00e4umen (zu Hause, im B\u00fcro usw.) bestimmt.<\/p>\n<p>Auswirkungen von Orgoniten:<br \/>\n&#8211; helfen, sich k\u00f6rperlich und geistig besser zu f\u00fchlen,<br \/>\n&#8211; den K\u00f6rper vor den sch\u00e4dlichen Auswirkungen elektromagnetischer Strahlung durch elektrische Ger\u00e4te (Fernseher, Mobiltelefon, Computer usw.) sch\u00fctzen.<br \/>\n&#8211; helfen, Energieblockaden zu beseitigen<br \/>\n&#8211; Verbesserung der zwischenmenschlichen Beziehungen sowohl zu Hause mit der Familie als auch bei der Arbeit mit Mitarbeitern<br \/>\n&#8211; besseren Schlaf und klare Tr\u00e4ume f\u00f6rdern<br \/>\n&#8211; Sie helfen auch Menschen mit chronischer Schlaflosigkeit<br \/>\n&#8211; Hilfe beim spirituellen Wachstum durch Erh\u00f6hung der Energievibrationen<br \/>\n&#8211; das Pflanzenwachstum f\u00f6rdern und Wasser reinigen<br \/>\n&#8211; Ich kann den Orgonit f\u00fcr eine andere Eigenschaft Ihrer Wahl programmieren<\/p>\n","protected":false},"featured_media":3892,"comment_status":"open","ping_status":"closed","template":"","meta":{"_monsterinsights_skip_tracking":false,"_monsterinsights_sitenote_active":false,"_monsterinsights_sitenote_note":"","_monsterinsights_sitenote_category":0},"product_brand":[],"product_cat":[160,89],"product_tag":[],"class_list":{"0":"post-3932","1":"product","2":"type-product","3":"status-publish","4":"has-post-thumbnail","6":"product_cat-orgonit-pyramide","7":"product_cat-orgoniten","8":"product_shipping_class-lieferung-orgonite","9":"wcpa_has_options","11":"first","12":"outofstock","13":"sale","14":"shipping-taxable","15":"purchasable","16":"product-type-simple"},"_links":{"self":[{"href":"https:\/\/www.kimstones.com\/de\/wp-json\/wp\/v2\/product\/3932","targetHints":{"allow":["GET"]}}],"collection":[{"href":"https:\/\/www.kimstones.com\/de\/wp-json\/wp\/v2\/product"}],"about":[{"href":"https:\/\/www.kimstones.com\/de\/wp-json\/wp\/v2\/types\/product"}],"replies":[{"embeddable":true,"href":"https:\/\/www.kimstones.com\/de\/wp-json\/wp\/v2\/comments?post=3932"}],"wp:featuredmedia":[{"embeddable":true,"href":"https:\/\/www.kimstones.com\/de\/wp-json\/wp\/v2\/media\/3892"}],"wp:attachment":[{"href":"https:\/\/www.kimstones.com\/de\/wp-json\/wp\/v2\/media?parent=3932"}],"wp:term":[{"taxonomy":"product_brand","embeddable":true,"href":"https:\/\/www.kimstones.com\/de\/wp-json\/wp\/v2\/product_brand?post=3932"},{"taxonomy":"product_cat","embeddable":true,"href":"https:\/\/www.kimstones.com\/de\/wp-json\/wp\/v2\/product_cat?post=3932"},{"taxonomy":"product_tag","embeddable":true,"href":"https:\/\/www.kimstones.com\/de\/wp-json\/wp\/v2\/product_tag?post=3932"}],"curies":[{"name":"wp","href":"https:\/\/api.w.org\/{rel}","templated":true}]}}