{"id":3778,"date":"2020-11-11T20:34:58","date_gmt":"2020-11-11T20:34:58","guid":{"rendered":"https:\/\/www.kimstones.com\/izdelek\/silber-citrin-anhanger\/"},"modified":"2021-01-19T21:49:17","modified_gmt":"2021-01-19T21:49:17","slug":"silber-citrin-anhanger","status":"publish","type":"product","link":"https:\/\/www.kimstones.com\/de\/produkt\/silber-citrin-anhanger\/","title":{"rendered":"Silber Citrin Anh\u00e4nger"},"content":{"rendered":"","protected":false},"excerpt":{"rendered":"<p>Hochwertiger Silber 925 Citrin Stein<br \/>\nCitrin ist ein Stein des Erfolgs und der F\u00fclle. Ein wundersch\u00f6ner Stein, der Reichtum anzieht und uns mit Energie erf\u00fcllt! Citrin ist ein Naturstein, der wegen seiner sonnigen gelben Farbe beliebt ist. Der Name Citrin kommt vom lateinischen Wort Citrus, was &#8222;Zitrone&#8220; bedeutet. Alte Zivilisationen sch\u00e4tzten Citrin als Geschenk der Sonne, da sie glaubten, es w\u00fcrde dem Benutzer ein Gef\u00fchl von Frieden und Freude bringen. Es wurde sp\u00e4ter mit Wohlstand verbunden, insbesondere in der Gesch\u00e4ftswelt. Die Kaufleute legten das Citrin in die Registrierkasse und nannten es den \u201eStein der Kaufleute\u201c. In letzter Zeit ist Citrin als \u201eStein des Erfolgs\u201c bekannt geworden. Es wird besonders f\u00fcr Start-ups und Start-ups empfohlen. Es hilft, Lieferanten, Kunden, Gesch\u00e4ftspartner zu finden und den Umsatz zu verbessern. Es lehrt uns materiellen Erfolg und Aufstieg. Es zieht F\u00fclle in unser Leben und hilft uns auch, sie aufrechtzuerhalten. Es hilft, geldbezogene Probleme wie Klagen, Rechtsstreitigkeiten, Erbschaften usw. zu l\u00f6sen. Es wird auch verwendet, um Depressionen, Angstzust\u00e4nde und Selbstmordtendenzen zu lindern. Es bringt neue Hoffnung, Optimismus und weckt Freude und Gl\u00fcck in uns. Es erf\u00fcllt uns mit Energie und bringt inneren Frieden. Citrin ist einer der Kristalle, der negative Energie abbaut und nicht anzieht, sodass es nicht gereinigt werden muss. Es ist auch ein starker Schutzstein, der die Aura sch\u00fctzt. W\u00e4hrend seiner entgiftenden Wirkung st\u00e4rkt Citrin das Immunsystem und den Stoffwechsel. Citrin dient dem Tr\u00e4ger als eine Art Reinigungsstein. Es st\u00e4rkt sensible Menschen in ihrem Ausdruck, auf einem neuen Weg der Erleuchtung sch\u00fctzt es uns vor Problemen und Selbstmord. Es hilft hartn\u00e4ckigen und entschlossenen Menschen, Karriere zu machen und Pr\u00fcfungen erfolgreich zu bestehen.<\/p>\n","protected":false},"featured_media":3779,"comment_status":"open","ping_status":"closed","template":"","meta":{"_monsterinsights_skip_tracking":false,"_monsterinsights_sitenote_active":false,"_monsterinsights_sitenote_note":"","_monsterinsights_sitenote_category":0},"product_brand":[],"product_cat":[42],"product_tag":[],"class_list":{"0":"post-3778","1":"product","2":"type-product","3":"status-publish","4":"has-post-thumbnail","6":"product_cat-nekategorizirano","8":"first","9":"instock","10":"sale","11":"shipping-taxable","12":"purchasable","13":"product-type-simple"},"_links":{"self":[{"href":"https:\/\/www.kimstones.com\/de\/wp-json\/wp\/v2\/product\/3778","targetHints":{"allow":["GET"]}}],"collection":[{"href":"https:\/\/www.kimstones.com\/de\/wp-json\/wp\/v2\/product"}],"about":[{"href":"https:\/\/www.kimstones.com\/de\/wp-json\/wp\/v2\/types\/product"}],"replies":[{"embeddable":true,"href":"https:\/\/www.kimstones.com\/de\/wp-json\/wp\/v2\/comments?post=3778"}],"wp:featuredmedia":[{"embeddable":true,"href":"https:\/\/www.kimstones.com\/de\/wp-json\/wp\/v2\/media\/3779"}],"wp:attachment":[{"href":"https:\/\/www.kimstones.com\/de\/wp-json\/wp\/v2\/media?parent=3778"}],"wp:term":[{"taxonomy":"product_brand","embeddable":true,"href":"https:\/\/www.kimstones.com\/de\/wp-json\/wp\/v2\/product_brand?post=3778"},{"taxonomy":"product_cat","embeddable":true,"href":"https:\/\/www.kimstones.com\/de\/wp-json\/wp\/v2\/product_cat?post=3778"},{"taxonomy":"product_tag","embeddable":true,"href":"https:\/\/www.kimstones.com\/de\/wp-json\/wp\/v2\/product_tag?post=3778"}],"curies":[{"name":"wp","href":"https:\/\/api.w.org\/{rel}","templated":true}]}}