{"id":4614,"date":"2021-03-11T19:19:31","date_gmt":"2021-03-11T19:19:31","guid":{"rendered":"https:\/\/www.kimstones.com\/?page_id=4614"},"modified":"2021-03-11T19:20:58","modified_gmt":"2021-03-11T19:20:58","slug":"atlantidska-palica","status":"publish","type":"page","link":"https:\/\/www.kimstones.com\/de\/atlantidska-palica\/","title":{"rendered":"Atlantidska palica"},"content":{"rendered":"<div class=\"wpb-content-wrapper\"><p>[vc_row][vc_column]<div class=\"title-wrapper  basel-title-color-primary basel-title-style-bordered basel-title-size-large text-center \"><div class=\"liner-continer\"> <span class=\"left-line\"><\/span> <h5 class=\"title\" >Atlantidska palica<span class=\"title-separator\"><span><\/span><\/span><\/h5> <span class=\"right-line\"><\/span> <\/div><\/div>[vc_empty_space height=&#8220;50px&#8220;][vc_row_inner][vc_column_inner width=&#8220;2\/3&#8243;][vc_column_text]Atlantidska palica mo\u010di vsebuje samo bistvo starodavne napredne znanosti. Edina stvar, ki se premika skozi energijsko palico, je energija. Deluje v natan\u010dni stopnji mo\u010di in u\u010dinkovitosti, kot jo pozna uporabnik. Takoj, ko je izdelava palice kon\u010dana, za\u010dne delovati v pasivnem na\u010dinu, seva energijo v vse smeri iz kristala. Ko ga operater usmeri z kazanjem in razmi\u0161ljanjem \/ vizualizacijo, modro-beli \u017earek energije odseva v to smer od to\u010dke kristala na koncu. Misel preklopi palico s pasivne sevalne energije na aktivni snop energije. Intenzivnost in razdalja \u017earka sta dolo\u010deni s kombinacijo misli, ki jo oja\u010dajo \u010dustva posameznega operaterja. Ta orodja z kristalno energijo v rokah izku\u0161enega operaterja lahko dose\u017eejo prostor in \u010das, preoblikujejo tako energijo kot snov na subatomskem nivoju. Preoblikovanje radioaktivnih snovi v ne\u0161kodljive elemente je zdaj mogo\u010de, prav tako odstranjevanje drugih \u0161kodljivih snovi, kot so strupene kemikalije, umazani zrak, onesna\u017eena hrana in voda, celo sama Zemlja.Te transmutacije so popolnoma naravni procesi. Zemlja se bo v dolgem \u010dasu razpr\u0161ila, preoblikovala in pre\u010distila; te palice mo\u010di zgolj pospe\u0161ijo normalne procese. Kristalna palica mo\u010di je v resnici miniaturni linearni pospe\u0161evalnik. Njena energija potuje tudi skozi vse materiale: Zemljo, les, kovino, beton in globok prostor.<\/p>\n<p>Na palici je 7 kamnov za vseh 7 \u010daker. Te kamne vam jaz izberem na podlagi va\u0161e natalne karte. Poleg palice prejmete \u0161e videoposnetek, kako se palico uporablja in kaj vse se lahko z njo po\u010dne.[\/vc_column_text][\/vc_column_inner][vc_column_inner width=&#8220;1\/3&#8243;][vc_single_image image=&#8220;4053&#8243; img_size=&#8220;full&#8220; alignment=&#8220;center&#8220;][\/vc_column_inner][\/vc_row_inner][\/vc_column][\/vc_row][vc_row full_width=&#8220;stretch_row&#8220; row_type=&#8220;row&#8220; use_row_as_full_screen_section=&#8220;no&#8220; type=&#8220;grid&#8220; anchor=&#8220;shop&#8220; angled_section=&#8220;no&#8220; text_align=&#8220;left&#8220; background_image_as_pattern=&#8220;without_pattern&#8220; background_color=&#8220;#ffffff&#8220; padding_top=&#8220;60&#8243; padding_bottom=&#8220;50&#8243; el_id=&#8220;nakit&#8220;][vc_column][vc_empty_space height=&#8220;30px&#8220;]<div class=\"title-wrapper  basel-title-color-primary basel-title-style-bordered basel-title-size-large text-center \"><div class=\"liner-continer\"> <span class=\"left-line\"><\/span> <h5 class=\"title\" >Izberi svojo atlantidsko palico<span class=\"title-separator\"><span><\/span><\/span><\/h5> <span class=\"right-line\"><\/span> <\/div><\/div>[vc_empty_space height=&#8220;50px&#8220;]<div class=\"woocommerce columns-2 \">\n<div class=\"products elements-grid basel-products-holder  pagination-pagination row grid-columns-4\" data-min_price=\"\" data-max_price=\"\" data-source=\"main_loop\">\t<div class=\"product-grid-item basel-hover-alt product  col-md-3 col-sm-4 col-xs-6 first  post-0 post type-post status-publish format-standard has-post-thumbnail hentry\" data-loop=\"1\" data-id=\"5377\">\n\n\t\t<div class=\"product-element-top\">\n\t<a href=\"https:\/\/www.kimstones.com\/de\/produkt\/atlantis-kraftstab-mit-edelsteinen-und-halbedelsteinen\/\">\n\t\t<div class=\"product-labels labels-rounded\"><span class=\"onsale product-label\">-37%<\/span><\/div><img loading=\"lazy\" decoding=\"async\" width=\"600\" height=\"400\" src=\"https:\/\/www.kimstones.com\/wp-content\/uploads\/2021\/01\/DSCF8169-1-scaled-600x400.jpg\" class=\"attachment-woocommerce_thumbnail size-woocommerce_thumbnail\" alt=\"\" srcset=\"https:\/\/www.kimstones.com\/wp-content\/uploads\/2021\/01\/DSCF8169-1-600x400.jpg 600w, https:\/\/www.kimstones.com\/wp-content\/uploads\/2021\/01\/DSCF8169-1-1200x800.jpg 1200w, https:\/\/www.kimstones.com\/wp-content\/uploads\/2021\/01\/DSCF8169-1-300x200.jpg 300w, https:\/\/www.kimstones.com\/wp-content\/uploads\/2021\/01\/DSCF8169-1-1024x683.jpg 1024w, https:\/\/www.kimstones.com\/wp-content\/uploads\/2021\/01\/DSCF8169-1-768x512.jpg 768w, https:\/\/www.kimstones.com\/wp-content\/uploads\/2021\/01\/DSCF8169-1-1536x1024.jpg 1536w, https:\/\/www.kimstones.com\/wp-content\/uploads\/2021\/01\/DSCF8169-1-2048x1365.jpg 2048w\" sizes=\"auto, (max-width: 600px) 100vw, 600px\" \/>\t<\/a>\n\t\t\t\t<div class=\"hover-img\">\n\t\t\t\t<a href=\"https:\/\/www.kimstones.com\/de\/produkt\/atlantis-kraftstab-mit-edelsteinen-und-halbedelsteinen\/\">\n\t\t\t\t\t<img loading=\"lazy\" decoding=\"async\" width=\"600\" height=\"400\" src=\"https:\/\/www.kimstones.com\/wp-content\/uploads\/2021\/01\/IMG_7712-scaled-600x400.jpg\" class=\"attachment-woocommerce_thumbnail size-woocommerce_thumbnail\" alt=\"\" srcset=\"https:\/\/www.kimstones.com\/wp-content\/uploads\/2021\/01\/IMG_7712-600x400.jpg 600w, https:\/\/www.kimstones.com\/wp-content\/uploads\/2021\/01\/IMG_7712-1200x800.jpg 1200w, https:\/\/www.kimstones.com\/wp-content\/uploads\/2021\/01\/IMG_7712-300x200.jpg 300w, https:\/\/www.kimstones.com\/wp-content\/uploads\/2021\/01\/IMG_7712-1024x683.jpg 1024w, https:\/\/www.kimstones.com\/wp-content\/uploads\/2021\/01\/IMG_7712-768x512.jpg 768w, https:\/\/www.kimstones.com\/wp-content\/uploads\/2021\/01\/IMG_7712-1536x1024.jpg 1536w, https:\/\/www.kimstones.com\/wp-content\/uploads\/2021\/01\/IMG_7712-2048x1365.jpg 2048w\" sizes=\"auto, (max-width: 600px) 100vw, 600px\" \/>\t\t\t\t<\/a>\n\t\t\t<\/div>\n\t\t\t<div class=\"basel-buttons\">\n\t\t\t\t\t<div class=\"basel-wishlist-btn\">\n\t\t\t\t<a class=\"button basel-tooltip\" rel=\"nofollow\" href=\"https:\/\/www.kimstones.com\/de\/produkt\/atlantis-kraftstab-mit-edelsteinen-und-halbedelsteinen\/\" data-key=\"b223e2d492\" data-product-id=\"5377\" data-added-text=\"Browse Wishlist\">Add to wishlist<\/a>\n\t\t\t<\/div>\n\t\t\t\t<div class=\"basel-compare-btn product-compare-button\"><a class=\"button\" rel=\"nofollow\" href=\"https:\/\/www.kimstones.com\/de\/produkt\/atlantis-kraftstab-mit-edelsteinen-und-halbedelsteinen\/\" data-added-text=\"Compare products\" data-id=\"5377\">Compare<\/a><\/div>\t\t\t\t\t<div class=\"quick-view\">\n\t\t\t\t<a \n\t\t\t\t\thref=\"https:\/\/www.kimstones.com\/de\/produkt\/atlantis-kraftstab-mit-edelsteinen-und-halbedelsteinen\/\" \n\t\t\t\t\tclass=\"open-quick-view quick-view-button\"\n\t\t\t\t\trel=\"nofollow\"\n\t\t\t\t\tdata-id=\"5377\">Quick View<\/a>\n\t\t\t<\/div>\n\t\t\t<\/div>\n<\/div>\n<h3 class=\"product-title\"><a href=\"https:\/\/www.kimstones.com\/de\/produkt\/atlantis-kraftstab-mit-edelsteinen-und-halbedelsteinen\/\">Atlantis Kraftstab mit Edelsteinen und Halbedelsteinen<\/a><\/h3>\n\n<div class=\"wrap-price\">\n\t<div class=\"wrapp-swap\">\n\t\t<div class=\"swap-elements\">\n\t\t\t\n\t<span class=\"price\"><del aria-hidden=\"true\"><span class=\"woocommerce-Price-amount amount\"><bdi><span class=\"woocommerce-Price-currencySymbol\">&euro;<\/span>177.00<\/bdi><\/span><\/del> <span class=\"screen-reader-text\">Urspr\u00fcnglicher Preis war: &euro;177.00<\/span><ins aria-hidden=\"true\"><span class=\"woocommerce-Price-amount amount\"><bdi><span class=\"woocommerce-Price-currencySymbol\">&euro;<\/span>111.00<\/bdi><\/span><\/ins><span class=\"screen-reader-text\">Aktueller Preis ist: &euro;111.00.<\/span><\/span>\n\t\t\t<div class=\"btn-add\">\n\t\t\t\t<a href=\"https:\/\/www.kimstones.com\/de\/produkt\/atlantis-kraftstab-mit-edelsteinen-und-halbedelsteinen\/\" aria-describedby=\"woocommerce_loop_add_to_cart_link_describedby_5377\" data-quantity=\"1\" class=\"button product_type_simple add_to_cart_button wcpa_add_to_cart_button\" data-product_id=\"5377\" data-product_sku=\"\" aria-label=\"In den Warenkorb legen: \u201eAtlantis Kraftstab mit Edelsteinen und Halbedelsteinen\u201c\" rel=\"nofollow\" data-success_message=\"\u201eAtlantis Kraftstab mit Edelsteinen und Halbedelsteinen\u201c wurde deinem Warenkorb hinzugef\u00fcgt\">Select options<\/a>\t<span id=\"woocommerce_loop_add_to_cart_link_describedby_5377\" class=\"screen-reader-text\">\n\t\t\t<\/span>\n\t\t\t<\/div>\n\t\t<\/div>\n\t<\/div>\n\t<\/div>\n\n\n\n\t<\/div>\n\t<div class=\"product-grid-item basel-hover-alt product  col-md-3 col-sm-4 col-xs-6 post-0 post type-post status-publish format-standard has-post-thumbnail hentry\" data-loop=\"2\" data-id=\"5378\">\n\n\t\t<div class=\"product-element-top\">\n\t<a href=\"https:\/\/www.kimstones.com\/de\/produkt\/atlantis-kraftstab-mit-edelsteinen-und-halbedelsteinen-2\/\">\n\t\t<div class=\"product-labels labels-rounded\"><span class=\"onsale product-label\">-21%<\/span><\/div><img loading=\"lazy\" decoding=\"async\" width=\"600\" height=\"450\" src=\"https:\/\/www.kimstones.com\/wp-content\/uploads\/2021\/01\/139648795_761655004705305_5766987443393630292_n-1-600x450.jpg\" class=\"attachment-woocommerce_thumbnail size-woocommerce_thumbnail\" alt=\"\" srcset=\"https:\/\/www.kimstones.com\/wp-content\/uploads\/2021\/01\/139648795_761655004705305_5766987443393630292_n-1-600x450.jpg 600w, https:\/\/www.kimstones.com\/wp-content\/uploads\/2021\/01\/139648795_761655004705305_5766987443393630292_n-1-300x225.jpg 300w, https:\/\/www.kimstones.com\/wp-content\/uploads\/2021\/01\/139648795_761655004705305_5766987443393630292_n-1-768x576.jpg 768w, https:\/\/www.kimstones.com\/wp-content\/uploads\/2021\/01\/139648795_761655004705305_5766987443393630292_n-1.jpg 800w\" sizes=\"auto, (max-width: 600px) 100vw, 600px\" \/>\t<\/a>\n\t\t\t\t<div class=\"hover-img\">\n\t\t\t\t<a href=\"https:\/\/www.kimstones.com\/de\/produkt\/atlantis-kraftstab-mit-edelsteinen-und-halbedelsteinen-2\/\">\n\t\t\t\t\t<img loading=\"lazy\" decoding=\"async\" width=\"600\" height=\"782\" src=\"https:\/\/www.kimstones.com\/wp-content\/uploads\/2021\/01\/139675845_247450750063698_751330125164312572_n-600x782.jpg\" class=\"attachment-woocommerce_thumbnail size-woocommerce_thumbnail\" alt=\"\" srcset=\"https:\/\/www.kimstones.com\/wp-content\/uploads\/2021\/01\/139675845_247450750063698_751330125164312572_n-600x782.jpg 600w, https:\/\/www.kimstones.com\/wp-content\/uploads\/2021\/01\/139675845_247450750063698_751330125164312572_n-230x300.jpg 230w, https:\/\/www.kimstones.com\/wp-content\/uploads\/2021\/01\/139675845_247450750063698_751330125164312572_n.jpg 614w\" sizes=\"auto, (max-width: 600px) 100vw, 600px\" \/>\t\t\t\t<\/a>\n\t\t\t<\/div>\n\t\t\t<div class=\"basel-buttons\">\n\t\t\t\t\t<div class=\"basel-wishlist-btn\">\n\t\t\t\t<a class=\"button basel-tooltip\" rel=\"nofollow\" href=\"https:\/\/www.kimstones.com\/de\/produkt\/atlantis-kraftstab-mit-edelsteinen-und-halbedelsteinen-2\/\" data-key=\"b223e2d492\" data-product-id=\"5378\" data-added-text=\"Browse Wishlist\">Add to wishlist<\/a>\n\t\t\t<\/div>\n\t\t\t\t<div class=\"basel-compare-btn product-compare-button\"><a class=\"button\" rel=\"nofollow\" href=\"https:\/\/www.kimstones.com\/de\/produkt\/atlantis-kraftstab-mit-edelsteinen-und-halbedelsteinen-2\/\" data-added-text=\"Compare products\" data-id=\"5378\">Compare<\/a><\/div>\t\t\t\t\t<div class=\"quick-view\">\n\t\t\t\t<a \n\t\t\t\t\thref=\"https:\/\/www.kimstones.com\/de\/produkt\/atlantis-kraftstab-mit-edelsteinen-und-halbedelsteinen-2\/\" \n\t\t\t\t\tclass=\"open-quick-view quick-view-button\"\n\t\t\t\t\trel=\"nofollow\"\n\t\t\t\t\tdata-id=\"5378\">Quick View<\/a>\n\t\t\t<\/div>\n\t\t\t<\/div>\n<\/div>\n<h3 class=\"product-title\"><a href=\"https:\/\/www.kimstones.com\/de\/produkt\/atlantis-kraftstab-mit-edelsteinen-und-halbedelsteinen-2\/\">Atlantis Kraftstab mit Edelsteinen und Halbedelsteinen<\/a><\/h3>\n\n<div class=\"wrap-price\">\n\t<div class=\"wrapp-swap\">\n\t\t<div class=\"swap-elements\">\n\t\t\t\n\t<span class=\"price\"><del aria-hidden=\"true\"><span class=\"woocommerce-Price-amount amount\"><bdi><span class=\"woocommerce-Price-currencySymbol\">&euro;<\/span>111.00<\/bdi><\/span><\/del> <span class=\"screen-reader-text\">Urspr\u00fcnglicher Preis war: &euro;111.00<\/span><ins aria-hidden=\"true\"><span class=\"woocommerce-Price-amount amount\"><bdi><span class=\"woocommerce-Price-currencySymbol\">&euro;<\/span>88.00<\/bdi><\/span><\/ins><span class=\"screen-reader-text\">Aktueller Preis ist: &euro;88.00.<\/span><\/span>\n\t\t\t<div class=\"btn-add\">\n\t\t\t\t<a href=\"https:\/\/www.kimstones.com\/de\/produkt\/atlantis-kraftstab-mit-edelsteinen-und-halbedelsteinen-2\/\" aria-describedby=\"woocommerce_loop_add_to_cart_link_describedby_5378\" data-quantity=\"1\" class=\"button product_type_simple add_to_cart_button wcpa_add_to_cart_button\" data-product_id=\"5378\" data-product_sku=\"\" aria-label=\"In den Warenkorb legen: \u201eAtlantis Kraftstab mit Edelsteinen und Halbedelsteinen\u201c\" rel=\"nofollow\" data-success_message=\"\u201eAtlantis Kraftstab mit Edelsteinen und Halbedelsteinen\u201c wurde deinem Warenkorb hinzugef\u00fcgt\">Select options<\/a>\t<span id=\"woocommerce_loop_add_to_cart_link_describedby_5378\" class=\"screen-reader-text\">\n\t\t\t<\/span>\n\t\t\t<\/div>\n\t\t<\/div>\n\t<\/div>\n\t<\/div>\n\n\n\n\t<\/div>\n<div class=\"clearfix visible-xs-block\"><\/div><\/div><\/div>[\/vc_column][\/vc_row]<\/p>\n<\/div>","protected":false},"excerpt":{"rendered":"<p>[vc_row][vc_column][vc_empty_space height=&#8220;50px&#8220;][vc_row_inner][vc_column_inner width=&#8220;2\/3&#8243;][vc_column_text]Atlantidska palica mo\u010di vsebuje samo bistvo starodavne napredne znanosti. Edina stvar, ki se premika skozi energijsko palico, je<\/p>\n","protected":false},"author":1,"featured_media":0,"parent":0,"menu_order":0,"comment_status":"closed","ping_status":"closed","template":"","meta":{"_monsterinsights_skip_tracking":false,"_monsterinsights_sitenote_active":false,"_monsterinsights_sitenote_note":"","_monsterinsights_sitenote_category":0,"footnotes":""},"class_list":["post-4614","page","type-page","status-publish","hentry"],"_links":{"self":[{"href":"https:\/\/www.kimstones.com\/de\/wp-json\/wp\/v2\/pages\/4614","targetHints":{"allow":["GET"]}}],"collection":[{"href":"https:\/\/www.kimstones.com\/de\/wp-json\/wp\/v2\/pages"}],"about":[{"href":"https:\/\/www.kimstones.com\/de\/wp-json\/wp\/v2\/types\/page"}],"author":[{"embeddable":true,"href":"https:\/\/www.kimstones.com\/de\/wp-json\/wp\/v2\/users\/1"}],"replies":[{"embeddable":true,"href":"https:\/\/www.kimstones.com\/de\/wp-json\/wp\/v2\/comments?post=4614"}],"version-history":[{"count":3,"href":"https:\/\/www.kimstones.com\/de\/wp-json\/wp\/v2\/pages\/4614\/revisions"}],"predecessor-version":[{"id":4618,"href":"https:\/\/www.kimstones.com\/de\/wp-json\/wp\/v2\/pages\/4614\/revisions\/4618"}],"wp:attachment":[{"href":"https:\/\/www.kimstones.com\/de\/wp-json\/wp\/v2\/media?parent=4614"}],"curies":[{"name":"wp","href":"https:\/\/api.w.org\/{rel}","templated":true}]}}